{"id":219,"date":"2026-01-22T07:54:30","date_gmt":"2026-01-22T13:54:30","guid":{"rendered":"https:\/\/servicios.igm.gob.gt\/uip\/?page_id=219"},"modified":"2026-01-22T07:54:30","modified_gmt":"2026-01-22T13:54:30","slug":"unidad-de-informacion-publica","status":"publish","type":"page","link":"https:\/\/servicios.igm.gob.gt\/uip\/?page_id=219","title":{"rendered":"Unidad de Informaci\u00f3n P\u00fablica"},"content":{"rendered":"<div class=\"wp-block-image\">\n<figure class=\"aligncenter size-large is-resized\"><img decoding=\"async\" loading=\"lazy\" src=\"https:\/\/servicios.igm.gob.gt\/uip\/wp-content\/uploads\/2020\/09\/CINTILLO-UIP-1024x226.png\" alt=\"\" class=\"wp-image-220\" width=\"672\" height=\"147\" srcset=\"https:\/\/servicios.igm.gob.gt\/uip\/wp-content\/uploads\/2020\/09\/CINTILLO-UIP-1024x226.png 1024w, https:\/\/servicios.igm.gob.gt\/uip\/wp-content\/uploads\/2020\/09\/CINTILLO-UIP-300x66.png 300w\" sizes=\"(max-width: 672px) 100vw, 672px\" \/><\/figure><\/div>\n\n<div class=\"wp-block-image\">\n<figure class=\"aligncenter size-large is-resized\"><img decoding=\"async\" loading=\"lazy\" src=\"https:\/\/servicios.igm.gob.gt\/uip\/wp-content\/uploads\/2020\/09\/PINCIPIOS-1024x375.png\" alt=\"\" class=\"wp-image-208\" width=\"229\" height=\"83\" srcset=\"https:\/\/servicios.igm.gob.gt\/uip\/wp-content\/uploads\/2020\/09\/PINCIPIOS-1024x375.png 1024w, https:\/\/servicios.igm.gob.gt\/uip\/wp-content\/uploads\/2020\/09\/PINCIPIOS-300x110.png 300w, https:\/\/servicios.igm.gob.gt\/uip\/wp-content\/uploads\/2020\/09\/PINCIPIOS-768x281.png 768w, https:\/\/servicios.igm.gob.gt\/uip\/wp-content\/uploads\/2020\/09\/PINCIPIOS-1536x563.png 1536w, https:\/\/servicios.igm.gob.gt\/uip\/wp-content\/uploads\/2020\/09\/PINCIPIOS.png 1712w\" sizes=\"(max-width: 229px) 100vw, 229px\" \/><\/figure><\/div>\n\n\n<figure class=\"wp-block-table aligncenter\"><table><tbody><tr><td class=\"has-text-align-center\" data-align=\"center\"><strong>LEGALIDAD <\/strong><br>Los procedimientos deben ce\u00f1irse a la normativa jur\u00eddica vigente, respetando la jerarqu\u00eda correspondiente.<br><br><strong>CELERIDAD<\/strong><br>Los procedimientos deber\u00e1n realizarse de tal modo que se dote al tr\u00e1mite de la m\u00e1xima&nbsp;din\u00e1mica posible, evitando actuaciones que dificulten su desenvolvimiento o constituyan meros formalismos, a fin de alcanzar una decisi\u00f3n en tiempo razonable, cumpliendo con el debido procedimiento.<br><br><strong>SIMPLICIDAD Y CONCENTRACI\u00d3N<\/strong> <br>Los procedimientos deber\u00e1n dotarse de sencillez, buscando evitar su complicaci\u00f3n por cualquier aspecto riguroso de la secuencia procedimental; desarroll\u00e1ndose en el menor n\u00famero de actuaciones posibles.<br><br><strong>TRANSPARENCIA Y PUBLICIDAD<\/strong> <br>Los actos y procedimientos ser\u00e1n p\u00fablicos, salvo los casos establecidos en la Ley.<br><br><strong>EFICACIA Y BUENA FE<\/strong> <br>Tiene como finalidad que los procedimientos logren su finalidad, actuando de buena fe, evitando decisiones inhibitorias, dilaciones o retardos innecesarios.<\/td><\/tr><\/tbody><\/table><\/figure>\n\n\n<div class=\"wp-block-image\">\n<figure class=\"aligncenter size-large is-resized\"><img decoding=\"async\" loading=\"lazy\" src=\"https:\/\/servicios.igm.gob.gt\/uip\/wp-content\/uploads\/2020\/09\/ESTRUCTURA-ORGANICA-1024x375.png\" alt=\"\" class=\"wp-image-211\" width=\"361\" height=\"131\" srcset=\"https:\/\/servicios.igm.gob.gt\/uip\/wp-content\/uploads\/2020\/09\/ESTRUCTURA-ORGANICA-1024x375.png 1024w, https:\/\/servicios.igm.gob.gt\/uip\/wp-content\/uploads\/2020\/09\/ESTRUCTURA-ORGANICA-300x110.png 300w, https:\/\/servicios.igm.gob.gt\/uip\/wp-content\/uploads\/2020\/09\/ESTRUCTURA-ORGANICA-768x281.png 768w, https:\/\/servicios.igm.gob.gt\/uip\/wp-content\/uploads\/2020\/09\/ESTRUCTURA-ORGANICA-1536x563.png 1536w, https:\/\/servicios.igm.gob.gt\/uip\/wp-content\/uploads\/2020\/09\/ESTRUCTURA-ORGANICA.png 1712w\" sizes=\"(max-width: 361px) 100vw, 361px\" \/><\/figure><\/div>\n\n<div class=\"wp-block-image\">\n<figure class=\"aligncenter size-large is-resized\"><img decoding=\"async\" loading=\"lazy\" src=\"https:\/\/servicios.igm.gob.gt\/uip\/wp-content\/uploads\/2020\/09\/ORGANIGRAMA-1024x997.png\" alt=\"\" class=\"wp-image-212\" width=\"394\" height=\"383\" srcset=\"https:\/\/servicios.igm.gob.gt\/uip\/wp-content\/uploads\/2020\/09\/ORGANIGRAMA-1024x997.png 1024w, https:\/\/servicios.igm.gob.gt\/uip\/wp-content\/uploads\/2020\/09\/ORGANIGRAMA-300x292.png 300w, https:\/\/servicios.igm.gob.gt\/uip\/wp-content\/uploads\/2020\/09\/ORGANIGRAMA-768x748.png 768w, https:\/\/servicios.igm.gob.gt\/uip\/wp-content\/uploads\/2020\/09\/ORGANIGRAMA.png 1278w\" sizes=\"(max-width: 394px) 100vw, 394px\" \/><\/figure><\/div>\n\n\n<figure class=\"wp-block-table\"><table><tbody><tr><td class=\"has-text-align-center\" data-align=\"center\"><strong>Director General:<\/strong><br>Licenciado Alfredo Danilo Rivera<br><strong>Subdirector T\u00e9cnico Administrativo:<\/strong><br>MA. MSc. CPA. Alejandro No\u00e9 Gonz\u00e1lez P\u00e9rez<br><strong>Tel\u00e9fono:<\/strong> 2411-2411 ext. 166<br><strong>Correo Electr\u00f3nico:<\/strong> infopublica@igm.gob.gt<br><strong>P\u00e1gina Web:<\/strong> <a href=\"http:\/\/www.igm.gob.gt\">https:\/\/servicios.igm.gob.gt\/uip\/<\/a><\/td><\/tr><\/tbody><\/table><\/figure>\n\n\n<div class=\"wp-block-image\">\n<figure class=\"aligncenter size-large is-resized\"><img decoding=\"async\" loading=\"lazy\" src=\"https:\/\/servicios.igm.gob.gt\/uip\/wp-content\/uploads\/2020\/09\/funciones--1024x375.png\" alt=\"\" class=\"wp-image-216\" width=\"233\" height=\"84\" srcset=\"https:\/\/servicios.igm.gob.gt\/uip\/wp-content\/uploads\/2020\/09\/funciones--1024x375.png 1024w, https:\/\/servicios.igm.gob.gt\/uip\/wp-content\/uploads\/2020\/09\/funciones--300x110.png 300w, https:\/\/servicios.igm.gob.gt\/uip\/wp-content\/uploads\/2020\/09\/funciones--768x281.png 768w, https:\/\/servicios.igm.gob.gt\/uip\/wp-content\/uploads\/2020\/09\/funciones--1536x563.png 1536w, https:\/\/servicios.igm.gob.gt\/uip\/wp-content\/uploads\/2020\/09\/funciones-.png 1712w\" sizes=\"(max-width: 233px) 100vw, 233px\" \/><\/figure><\/div>\n\n\n<p class=\"has-text-align-center\"><em>Las funciones de la Unidad de Informaci\u00f3n P\u00fablica, adem\u00e1s de las obligaciones establecidas en el art\u00edculo 20 del Decreto N\u00famero 57-2008 del Congreso de la Rep\u00fablica de Guatemala, Ley de Acceso a la Informaci\u00f3n P\u00fablica y las funciones establecidas en el Manual de Funciones del Instituto Guatemalteco de Migraci\u00f3n, la Unidad de Informaci\u00f3n P\u00fablica tendr\u00e1 las funciones siguientes:<\/em><\/p>\n\n\n\n<figure class=\"wp-block-table\"><table><tbody><tr><td>1. Planificar, organizar, dirigir y controlar las acciones que promuevan la excelencia y calidad en el servicio de acceso a la informaci\u00f3n p\u00fablica en el Instituto Guatemalteco de Migraci\u00f3n.<br><br>2. Recabar la informaci\u00f3n p\u00fablica en poder del Instituto Guatemalteco de Migraci\u00f3n que le sea requerida, de conformidad con la ley y los procedimientos internos establecidos.<br><br>3. Promover y coordinar con las dependencias del Instituto la actualizaci\u00f3n permanente de la informaci\u00f3n, en el \u00e1mbito de su competencia.<br><br>4. Llevar un registro de las solicitudes de acceso a la informaci\u00f3n p\u00fablica, sus resultados y costos de reproducci\u00f3n para los interesados.<br><br>5. Facilitar la impresi\u00f3n y reproducci\u00f3n de la informaci\u00f3n p\u00fablica, cuyo costo debe ser asumido por el solicitante.<br><br>6. Preparar y presentar los informes a la Procuradur\u00eda de los Derechos Humanos de conformidad con la ley.<br><br>7. Realizar las gestiones para la correcta aplicaci\u00f3n de la Pol\u00edtica de Datos Abiertos.<br><br>8. Analizar los requerimientos de informaci\u00f3n p\u00fablica para determinar que no se transgreda el ordenamiento jur\u00eddico.<br><br>9. Emitir, firmar y sellar las resoluciones que correspondan conforme los requerimientos de acceso a la informaci\u00f3n p\u00fablica.<br><br>10. Coordinar, organizar, administrar, custodiar y dirigir la sistematizaci\u00f3n de los archivos de la Unidad.<br><br>11. Velar porque se respeten los plazos legales en materia de acceso a la informaci\u00f3n p\u00fablica.<br><br>12. Recabar la informaci\u00f3n p\u00fablica del Instituto, cuando se reciban solicitudes de informaci\u00f3n que no se encuentre en el Portal Electr\u00f3nico y promover ante las dependencias que la misma se actualice en el plazo de ley.<br><br>13. Elaborar los informes que por mandato legal deba realizar y remitir los mismos a donde corresponda.<br><br>14. Elaborar y gestionar la aprobaci\u00f3n del plan de trabajo anual de la Oficina.<br><br>15. Desarrollar otras funciones y actividades que se relacionen con el puesto y que le requiera la autoridad superior.<\/td><\/tr><\/tbody><\/table><\/figure>\n","protected":false},"excerpt":{"rendered":"<p>LEGALIDAD Los procedimientos deben ce\u00f1irse a la normativa jur\u00eddica vigente, respetando la jerarqu\u00eda correspondiente. CELERIDADLos procedimientos deber\u00e1n realizarse de tal modo que se dote al tr\u00e1mite de la m\u00e1xima&nbsp;din\u00e1mica posible, evitando actuaciones que dificulten su desenvolvimiento o constituyan meros formalismos, a fin de alcanzar una decisi\u00f3n en tiempo razonable, cumpliendo con el debido procedimiento. SIMPLICIDAD &hellip; <\/p>\n<p class=\"link-more\"><a href=\"https:\/\/servicios.igm.gob.gt\/uip\/?page_id=219\" class=\"more-link\">Continuar leyendo<span class=\"screen-reader-text\"> \u00abUnidad de Informaci\u00f3n P\u00fablica\u00bb<\/span><\/a><\/p>\n","protected":false},"author":5,"featured_media":0,"parent":0,"menu_order":0,"comment_status":"closed","ping_status":"closed","template":"","meta":[],"_links":{"self":[{"href":"https:\/\/servicios.igm.gob.gt\/uip\/index.php?rest_route=\/wp\/v2\/pages\/219"}],"collection":[{"href":"https:\/\/servicios.igm.gob.gt\/uip\/index.php?rest_route=\/wp\/v2\/pages"}],"about":[{"href":"https:\/\/servicios.igm.gob.gt\/uip\/index.php?rest_route=\/wp\/v2\/types\/page"}],"author":[{"embeddable":true,"href":"https:\/\/servicios.igm.gob.gt\/uip\/index.php?rest_route=\/wp\/v2\/users\/5"}],"replies":[{"embeddable":true,"href":"https:\/\/servicios.igm.gob.gt\/uip\/index.php?rest_route=%2Fwp%2Fv2%2Fcomments&post=219"}],"version-history":[{"count":29,"href":"https:\/\/servicios.igm.gob.gt\/uip\/index.php?rest_route=\/wp\/v2\/pages\/219\/revisions"}],"predecessor-version":[{"id":11340,"href":"https:\/\/servicios.igm.gob.gt\/uip\/index.php?rest_route=\/wp\/v2\/pages\/219\/revisions\/11340"}],"wp:attachment":[{"href":"https:\/\/servicios.igm.gob.gt\/uip\/index.php?rest_route=%2Fwp%2Fv2%2Fmedia&parent=219"}],"curies":[{"name":"wp","href":"https:\/\/api.w.org\/{rel}","templated":true}]}}